{"id":314,"date":"2026-04-17T13:17:19","date_gmt":"2026-04-17T19:17:19","guid":{"rendered":"https:\/\/clovercassino.directorio-comercial.com\/?page_id=314"},"modified":"2026-04-17T13:20:54","modified_gmt":"2026-04-17T19:20:54","slug":"compromiso-social","status":"publish","type":"page","link":"https:\/\/clovercassino.directorio-comercial.com\/?page_id=314","title":{"rendered":"Compromiso Social"},"content":{"rendered":"\n\n\n<div class=\"wp-block-group has-global-padding is-layout-constrained wp-block-group-is-layout-constrained\" style=\"padding-top:var(--wp--preset--spacing--20)\">\n<h2 class=\"wp-block-heading has-text-align-center has-base-color has-text-color has-link-color wp-elements-7c739c5f7bb080b583742a6f363da599\">SEGURIDAD<\/h2>\n\n\n\n<p class=\"has-text-align-center\">\u25cf Contamos con elementos intramuros y extramuros altamente capacitados.<\/p>\n\n\n\n<p class=\"has-text-align-center\">\u25cf Todos nuestros elementos est\u00e1n capacitados en brigadas de primeros auxilios, combate contra incendios, b\u00fasqueda y rescate as\u00ed como evacuaci\u00f3n y defensa personal.<\/p>\n\n\n\n<p class=\"has-text-align-center\">\u25cf Todos cubriendo 3 turnos, al mando de un jefe de turno y monitoristas capacitados en tecnolog\u00eda y seguridad.<\/p>\n\n\n\n<p class=\"has-text-align-center\">\u25cf Estamos conectados con todos los n\u00fameros de emergencia, ante cualquier eventualidad podemos reaccionar de manera inmediata.<\/p>\n\n\n\n<p class=\"has-text-align-center\">\u25cf Nuestras instalaciones est\u00e1n equipadas con todo lo necesario para hacer de nuestro casino un lugar seguro.<\/p>\n<\/div>\n\n\n\n<div style=\"height:20px\" aria-hidden=\"true\" class=\"wp-block-spacer\"><\/div>\n\n\n\n<div class=\"wp-block-group has-global-padding is-layout-constrained wp-block-group-is-layout-constrained\">\n<h2 class=\"wp-block-heading has-text-align-center has-base-color has-text-color has-link-color wp-elements-fa90c312d2250ec582d2e88e88c13573\">APOYO SOCIAL<\/h2>\n\n\n\n<p class=\"has-text-align-center\">Estamos conscientes de nuestro compromiso social y humano con nuestros jugadores a trav\u00e9s de un servicio de apoyo para lud\u00f3patas y el servicio por M\u00e9xico apoyando distintas causas v\u00eda fundaci\u00f3n San Charbel. Adem\u00e1s participamos continuamente en programas de asistencia social, de ayuda a la comunidad, en pro del bienestar de los m\u00e1s necesitados y relacionados con el cuidado del medio ambiente.<\/p>\n<\/div>\n\n\n\n<div style=\"height:20px\" aria-hidden=\"true\" class=\"wp-block-spacer\"><\/div>\n\n\n\n<div class=\"wp-block-group has-global-padding is-layout-constrained wp-block-group-is-layout-constrained\">\n<h2 class=\"wp-block-heading has-text-align-center has-base-color has-text-color has-link-color wp-elements-e395a7cccc1c1a49cbe48e131dd0301f\">LUDOPAT\u00cdA<\/h2>\n\n\n\n<p class=\"has-text-align-center\">La ludopat\u00eda consiste en un trastorno en el que la persona se ve obligada, por una urgencia psicol\u00f3gicamente incontrolable, a jugar y apostar, de forma persistente y progresiva, afectando de forma negativa la vida personal y familiar.<br><br>\u00bfEL JUEGO TE EST\u00c1 QUEBRANTANDO?<br>La adicci\u00f3n a las apuestas no solo acaba con tu patrimonio sino qu\u00e9 rompe en pedazos todo lo que tienes. Tu salud, familia, trabajo, confianza, sue\u00f1os.<\/p>\n<\/div>\n\n\n\n<div style=\"height:20px\" aria-hidden=\"true\" class=\"wp-block-spacer\"><\/div>\n\n\n\n<div class=\"wp-block-group has-global-padding is-layout-constrained wp-block-group-is-layout-constrained\">\n<h2 class=\"wp-block-heading has-text-align-center has-base-color has-text-color has-link-color wp-elements-0111fb9cada710c93793f2a820cccd26\">INSTITUTO SAN CHARBEL<\/h2>\n\n\n\n<p class=\"has-text-align-center\">Fundaci\u00f3n San Charbel es un organismo privado integrado por j\u00f3venes empresarios con distintos talentos pero ante todo con una gran pasi\u00f3n por M\u00e9xico.<br><br>Su misi\u00f3n es atender las carencias educativas del pa\u00eds mediante la implementaci\u00f3n eficaz de programas educativos permanentes, de alto impacto y cobertura nacional, que contribuyan a resolver las profundas desigualdades sociales que actualmente limitan el desarrollo de nuestro pa\u00eds y mejoren la calidad de vida de los mexicanos.<\/p>\n<\/div>\n","protected":false},"excerpt":{"rendered":"<p>SEGURIDAD \u25cf Contamos con elementos intramuros y extramuros altamente capacitados. \u25cf Todos nuestros elementos est\u00e1n capacitados en brigadas de primeros auxilios, combate contra incendios, b\u00fasqueda y rescate as\u00ed como evacuaci\u00f3n y defensa personal. \u25cf Todos cubriendo 3 turnos, al mando de un jefe de turno y monitoristas capacitados en tecnolog\u00eda y seguridad. \u25cf Estamos conectados [&hellip;]<\/p>\n","protected":false},"author":1,"featured_media":0,"parent":0,"menu_order":0,"comment_status":"closed","ping_status":"closed","template":"page-no-title","meta":{"_acf_changed":false,"footnotes":""},"class_list":["post-314","page","type-page","status-publish","hentry"],"acf":[],"_links":{"self":[{"href":"https:\/\/clovercassino.directorio-comercial.com\/index.php?rest_route=\/wp\/v2\/pages\/314","targetHints":{"allow":["GET"]}}],"collection":[{"href":"https:\/\/clovercassino.directorio-comercial.com\/index.php?rest_route=\/wp\/v2\/pages"}],"about":[{"href":"https:\/\/clovercassino.directorio-comercial.com\/index.php?rest_route=\/wp\/v2\/types\/page"}],"author":[{"embeddable":true,"href":"https:\/\/clovercassino.directorio-comercial.com\/index.php?rest_route=\/wp\/v2\/users\/1"}],"replies":[{"embeddable":true,"href":"https:\/\/clovercassino.directorio-comercial.com\/index.php?rest_route=%2Fwp%2Fv2%2Fcomments&post=314"}],"version-history":[{"count":4,"href":"https:\/\/clovercassino.directorio-comercial.com\/index.php?rest_route=\/wp\/v2\/pages\/314\/revisions"}],"predecessor-version":[{"id":320,"href":"https:\/\/clovercassino.directorio-comercial.com\/index.php?rest_route=\/wp\/v2\/pages\/314\/revisions\/320"}],"wp:attachment":[{"href":"https:\/\/clovercassino.directorio-comercial.com\/index.php?rest_route=%2Fwp%2Fv2%2Fmedia&parent=314"}],"curies":[{"name":"wp","href":"https:\/\/api.w.org\/{rel}","templated":true}]}}